{"id":1367,"date":"2021-03-05T14:58:52","date_gmt":"2021-03-05T13:58:52","guid":{"rendered":"https:\/\/slimbekeken.be\/product\/sb-citronella-spiraal\/"},"modified":"2023-09-20T11:10:43","modified_gmt":"2023-09-20T10:10:43","slug":"sb-citronelle-spirale","status":"publish","type":"product","link":"https:\/\/slimbekeken.be\/fr\/produit\/sb-citronelle-spirale\/","title":{"rendered":"SB CITRONELLE SPIRALE"},"content":{"rendered":"","protected":false},"excerpt":{"rendered":"<p><span data-sheets-value=\"{&quot;1&quot;:2,&quot;2&quot;:&quot;Voor een zorgeloos avondje buiten zonder muggen&quot;}\" data-sheets-userformat=\"{&quot;2&quot;:13057,&quot;3&quot;:{&quot;1&quot;:0},&quot;11&quot;:0,&quot;12&quot;:0,&quot;15&quot;:&quot;Calibri, sans-serif&quot;,&quot;16&quot;:11}\">Pour une soir\u00e9e \u00e0 l&#8217;ext\u00e9rieur.<br \/>\nPour un usage ext\u00e9rieur uniquement. Ne laissez jamais un spirale en feu sans surveillance.<br \/>\n<\/span><\/p>\n","protected":false},"featured_media":1134,"comment_status":"open","ping_status":"closed","template":"","meta":[],"product_cat":[40],"product_tag":[],"acf":[],"_links":{"self":[{"href":"https:\/\/slimbekeken.be\/fr\/wp-json\/wp\/v2\/product\/1367"}],"collection":[{"href":"https:\/\/slimbekeken.be\/fr\/wp-json\/wp\/v2\/product"}],"about":[{"href":"https:\/\/slimbekeken.be\/fr\/wp-json\/wp\/v2\/types\/product"}],"replies":[{"embeddable":true,"href":"https:\/\/slimbekeken.be\/fr\/wp-json\/wp\/v2\/comments?post=1367"}],"wp:featuredmedia":[{"embeddable":true,"href":"https:\/\/slimbekeken.be\/fr\/wp-json\/wp\/v2\/media\/1134"}],"wp:attachment":[{"href":"https:\/\/slimbekeken.be\/fr\/wp-json\/wp\/v2\/media?parent=1367"}],"wp:term":[{"taxonomy":"product_cat","embeddable":true,"href":"https:\/\/slimbekeken.be\/fr\/wp-json\/wp\/v2\/product_cat?post=1367"},{"taxonomy":"product_tag","embeddable":true,"href":"https:\/\/slimbekeken.be\/fr\/wp-json\/wp\/v2\/product_tag?post=1367"}],"curies":[{"name":"wp","href":"https:\/\/api.w.org\/{rel}","templated":true}]}}