{"id":1364,"date":"2021-03-05T14:58:53","date_gmt":"2021-03-05T13:58:53","guid":{"rendered":"https:\/\/slimbekeken.be\/product\/zwembad-waterclean-glashelder-water-1l\/"},"modified":"2021-12-14T10:55:58","modified_gmt":"2021-12-14T09:55:58","slug":"sb-aqua-line-pour-une-eau-de-piscine-transparente","status":"publish","type":"product","link":"https:\/\/slimbekeken.be\/fr\/produit\/sb-aqua-line-pour-une-eau-de-piscine-transparente\/","title":{"rendered":"SB Aqua Line pour une eau de piscine transparente."},"content":{"rendered":"","protected":false},"excerpt":{"rendered":"<p><span data-sheets-value=\"{&quot;1&quot;:2,&quot;2&quot;:&quot;Pendant l'utilisation, l'eau de piscine peut devenir l\u00e9g\u00e8rement trouble, sans vraiment devenir verte. Cela est d\u00fb \u00e0 l'utilisation de la piscine en elle-m\u00eame, ainsi qu'une contamination organique et min\u00e9rale dans son l'environnement (plantes, terre) et dans l'air (par exemple apr\u00e8s un orage).&quot;}\" data-sheets-userformat=\"{&quot;2&quot;:13057,&quot;3&quot;:{&quot;1&quot;:0},&quot;11&quot;:0,&quot;12&quot;:0,&quot;15&quot;:&quot;Calibri, sans-serif&quot;,&quot;16&quot;:11}\">Pendant l&#8217;utilisation, l&#8217;eau de piscine peut devenir l\u00e9g\u00e8rement trouble, sans vraiment devenir verte. Cela est d\u00fb \u00e0 l&#8217;utilisation de la piscine en elle-m\u00eame, ainsi qu&#8217;une contamination organique et min\u00e9rale dans son l&#8217;environnement (plantes, terre) et dans l&#8217;air (par exemple apr\u00e8s un orage). <\/span><span data-sheets-value=\"{&quot;1&quot;:2,&quot;2&quot;:&quot;Pour \u00e9viter cela et pour garde l'eau bien claire, utilisez chaque semaine SB Aqua Line pour une eau de piscine transparente comme traitement d'entretien.&quot;}\" data-sheets-userformat=\"{&quot;2&quot;:13057,&quot;3&quot;:{&quot;1&quot;:0},&quot;11&quot;:0,&quot;12&quot;:0,&quot;15&quot;:&quot;Calibri, sans-serif&quot;,&quot;16&quot;:11}\">Pour \u00e9viter cela et pour garde l&#8217;eau bien claire, utilisez chaque semaine SB Aqua Line pour une eau de piscine transparente comme traitement d&#8217;entretien. Appliquer \u00e9galement ce traitement lors d\u2019un renouvellement de l\u2019eau.<\/span><\/p>\n","protected":false},"featured_media":1125,"comment_status":"open","ping_status":"closed","template":"","meta":[],"product_cat":[39],"product_tag":[],"acf":[],"_links":{"self":[{"href":"https:\/\/slimbekeken.be\/fr\/wp-json\/wp\/v2\/product\/1364"}],"collection":[{"href":"https:\/\/slimbekeken.be\/fr\/wp-json\/wp\/v2\/product"}],"about":[{"href":"https:\/\/slimbekeken.be\/fr\/wp-json\/wp\/v2\/types\/product"}],"replies":[{"embeddable":true,"href":"https:\/\/slimbekeken.be\/fr\/wp-json\/wp\/v2\/comments?post=1364"}],"wp:featuredmedia":[{"embeddable":true,"href":"https:\/\/slimbekeken.be\/fr\/wp-json\/wp\/v2\/media\/1125"}],"wp:attachment":[{"href":"https:\/\/slimbekeken.be\/fr\/wp-json\/wp\/v2\/media?parent=1364"}],"wp:term":[{"taxonomy":"product_cat","embeddable":true,"href":"https:\/\/slimbekeken.be\/fr\/wp-json\/wp\/v2\/product_cat?post=1364"},{"taxonomy":"product_tag","embeddable":true,"href":"https:\/\/slimbekeken.be\/fr\/wp-json\/wp\/v2\/product_tag?post=1364"}],"curies":[{"name":"wp","href":"https:\/\/api.w.org\/{rel}","templated":true}]}}