{"id":1331,"date":"2021-03-05T14:58:51","date_gmt":"2021-11-23T12:29:24","guid":{"rendered":"https:\/\/slimbekeken.be\/product\/sb-depots-verts-concentre-1l\/"},"modified":"2021-11-23T13:29:28","modified_gmt":"2021-11-23T12:29:28","slug":"sb-depots-verts-concentre-1l","status":"publish","type":"product","link":"https:\/\/slimbekeken.be\/fr\/produit\/sb-depots-verts-concentre-1l\/","title":{"rendered":"SB D\u00e9p\u00f4ts Verts \u2013 Concentr\u00e9 1L"},"content":{"rendered":"","protected":false},"excerpt":{"rendered":"<p>SB D\u00e9p\u00f4ts Verts combat et pr\u00e9vient les d\u00e9p\u00f4ts verts tels que les algues et la mousse. Peut \u00eatre utilis\u00e9 pour les toits, fa\u00e7ades, terrasses, dalles, bois, meubles de jardin, verre, pierres tombales, m\u00e9tal,\u2026<\/p>\n<p>Peut \u00eatre utilis\u00e9 sans probl\u00e8me sur tout type de mat\u00e9riaux : PVC, bois, verre (serres, v\u00e9randas), azurite, pierre naturelle,\u2026<\/p>\n<p>Peut aussi \u00eatre utilis\u00e9 pr\u00e9ventivement. Le produit reste longtemps efficace, il n&#8217;attaque pas les mat\u00e9riaux trait\u00e9s et ne fait pas de taches. D\u00e9sinfecte \u00e9galement.<\/p>\n<p>Werkt tevens ontsmettend.<\/p>\n","protected":false},"featured_media":1152,"comment_status":"open","ping_status":"closed","template":"","meta":[],"product_cat":[36],"product_tag":[],"acf":[],"_links":{"self":[{"href":"https:\/\/slimbekeken.be\/fr\/wp-json\/wp\/v2\/product\/1331"}],"collection":[{"href":"https:\/\/slimbekeken.be\/fr\/wp-json\/wp\/v2\/product"}],"about":[{"href":"https:\/\/slimbekeken.be\/fr\/wp-json\/wp\/v2\/types\/product"}],"replies":[{"embeddable":true,"href":"https:\/\/slimbekeken.be\/fr\/wp-json\/wp\/v2\/comments?post=1331"}],"wp:featuredmedia":[{"embeddable":true,"href":"https:\/\/slimbekeken.be\/fr\/wp-json\/wp\/v2\/media\/1152"}],"wp:attachment":[{"href":"https:\/\/slimbekeken.be\/fr\/wp-json\/wp\/v2\/media?parent=1331"}],"wp:term":[{"taxonomy":"product_cat","embeddable":true,"href":"https:\/\/slimbekeken.be\/fr\/wp-json\/wp\/v2\/product_cat?post=1331"},{"taxonomy":"product_tag","embeddable":true,"href":"https:\/\/slimbekeken.be\/fr\/wp-json\/wp\/v2\/product_tag?post=1331"}],"curies":[{"name":"wp","href":"https:\/\/api.w.org\/{rel}","templated":true}]}}